{"id":45,"date":"2013-10-04T17:21:11","date_gmt":"2013-10-04T16:21:11","guid":{"rendered":"http:\/\/peche.clic-and-see.fr\/?page_id=45"},"modified":"2013-10-04T20:15:32","modified_gmt":"2013-10-04T19:15:32","slug":"calendrier","status":"publish","type":"page","link":"https:\/\/www.aappma-beaugency.fr\/?page_id=45","title":{"rendered":"Calendrier"},"content":{"rendered":"<p>\n<table cellspacing=\"1\" cellpadding=\"0\" class=\"calendar-table\">\n<tr>\n        <td colspan=\"7\" class=\"calendar-date-switcher\">\n            <form method=\"get\" action=\"\/index.php?rest_route=wpv2pages45\">\n<input type=\"hidden\" name=\"rest_route\" value=\"wpv2pages45\" \/>\n\n            Mois: <select name=\"calendar_month\" style=\"width:100px;\">\n            <option value=\"jan\">Janvier<\/option>\n            <option value=\"feb\">F\u00e9vrier<\/option>\n            <option value=\"mar\">Mars<\/option>\n            <option value=\"apr\" selected=\"selected\">Avril<\/option>\n            <option value=\"may\">Mai<\/option>\n            <option value=\"jun\">Juin<\/option>\n            <option value=\"jul\">Juillet<\/option> \n            <option value=\"aug\">Ao\u00fbt<\/option> \n            <option value=\"sep\">Septembre<\/option>\n            <option value=\"oct\">Octobre<\/option> \n            <option value=\"nov\">Novembre<\/option> \n            <option value=\"dec\">D\u00e9cembre<\/option> \n            <\/select>\n            Ann\u00e9e: <select name=\"calendar_yr\" style=\"width:60px;\">\n            <option value=\"1996\">1996<\/option>\n            <option value=\"1997\">1997<\/option>\n            <option value=\"1998\">1998<\/option>\n            <option value=\"1999\">1999<\/option>\n            <option value=\"2000\">2000<\/option>\n            <option value=\"2001\">2001<\/option>\n            <option value=\"2002\">2002<\/option>\n            <option value=\"2003\">2003<\/option>\n            <option value=\"2004\">2004<\/option>\n            <option value=\"2005\">2005<\/option>\n            <option value=\"2006\">2006<\/option>\n            <option value=\"2007\">2007<\/option>\n            <option value=\"2008\">2008<\/option>\n            <option value=\"2009\">2009<\/option>\n            <option value=\"2010\">2010<\/option>\n            <option value=\"2011\">2011<\/option>\n            <option value=\"2012\">2012<\/option>\n            <option value=\"2013\">2013<\/option>\n            <option value=\"2014\">2014<\/option>\n            <option value=\"2015\">2015<\/option>\n            <option value=\"2016\">2016<\/option>\n            <option value=\"2017\">2017<\/option>\n            <option value=\"2018\">2018<\/option>\n            <option value=\"2019\">2019<\/option>\n            <option value=\"2020\">2020<\/option>\n            <option value=\"2021\">2021<\/option>\n            <option value=\"2022\">2022<\/option>\n            <option value=\"2023\">2023<\/option>\n            <option value=\"2024\">2024<\/option>\n            <option value=\"2025\">2025<\/option>\n            <option value=\"2026\" selected=\"selected\">2026<\/option>\n            <option value=\"2027\">2027<\/option>\n            <option value=\"2028\">2028<\/option>\n            <option value=\"2029\">2029<\/option>\n            <option value=\"2030\">2030<\/option>\n            <option value=\"2031\">2031<\/option>\n            <option value=\"2032\">2032<\/option>\n            <option value=\"2033\">2033<\/option>\n            <option value=\"2034\">2034<\/option>\n            <option value=\"2035\">2035<\/option>\n            <option value=\"2036\">2036<\/option>\n            <option value=\"2037\">2037<\/option>\n            <option value=\"2038\">2038<\/option>\n            <option value=\"2039\">2039<\/option>\n            <option value=\"2040\">2040<\/option>\n            <option value=\"2041\">2041<\/option>\n            <option value=\"2042\">2042<\/option>\n            <option value=\"2043\">2043<\/option>\n            <option value=\"2044\">2044<\/option>\n            <option value=\"2045\">2045<\/option>\n            <option value=\"2046\">2046<\/option>\n            <option value=\"2047\">2047<\/option>\n            <option value=\"2048\">2048<\/option>\n            <option value=\"2049\">2049<\/option>\n            <option value=\"2050\">2050<\/option>\n            <option value=\"2051\">2051<\/option>\n            <option value=\"2052\">2052<\/option>\n            <option value=\"2053\">2053<\/option>\n            <option value=\"2054\">2054<\/option>\n            <option value=\"2055\">2055<\/option>\n<\/select>\n            <input type=\"submit\" value=\"Go\" \/>\n            <\/form>\n        <\/td>\n<\/tr>\n<tr>\n                <td colspan=\"7\" class=\"calendar-heading\">\n                    <table border=\"0\" cellpadding=\"0\" cellspacing=\"0\" width=\"100%\">\n                    <tr>\n                    <td class=\"calendar-prev\"><a href=\"https:\/\/www.aappma-beaugency.fr\/?page_id=45&calendar_month=mar&amp;calendar_yr=2026\">&laquo; Pr\u00e9c\u00e9dent<\/a><\/td>\n                    <td class=\"calendar-month\">Avril 2026<\/td>\n                    <td class=\"calendar-next\"><a href=\"https:\/\/www.aappma-beaugency.fr\/?page_id=45&calendar_month=may&amp;calendar_yr=2026\">Suivant &raquo;<\/a><\/td>\n                    <\/tr>\n                    <\/table>\n                <\/td>\n<\/tr>\n<tr>\n        <td class=\"normal-day-heading\">Lundi<\/td>\n        <td class=\"normal-day-heading\">Mardi<\/td>\n        <td class=\"normal-day-heading\">Mercredi<\/td>\n        <td class=\"normal-day-heading\">Jeudi<\/td>\n        <td class=\"normal-day-heading\">Vendredi<\/td>\n        <td class=\"weekend-heading\">Samedi<\/td>\n        <td class=\"weekend-heading\">Dimanche<\/td>\n<\/tr>\n<tr>\n        <td class=\"day-without-date\">&nbsp;<\/td>\n        <td class=\"day-without-date\">&nbsp;<\/td>\n        <td class=\"day-with-date\"><span >1<\/span><span class=\"event\"><br \/><span class=\"calendar_bullet\" style=\"position:relative;display:inline;width:unset;background:none;\">* <\/span><span class=\"calnk\"><a href=\"#\" style=\"background-color:#ff8c00;\">R\u00e9union mensuel<span style=\"background-color:#ff8c00;\"><span class=\"event-title\" style=\"background-color:#ff8c00;\">R\u00e9union mensuel<\/span><br \/>\n<span class=\"event-title-break\"><\/span><br \/><strong>Heure:<\/strong> 18 h 00 min<br \/><span class=\"event-content-break\"><\/span><br \/>Salle des associations de Beaugency \u00e0 partir de 18h<\/span><\/a><\/span><br \/><\/span><\/td>\n        <td class=\"day-with-date no-events\"><span >2<\/span><span class=\"event\"><br \/><\/span><\/td>\n        <td class=\"day-with-date no-events\"><span >3<\/span><span class=\"event\"><br \/><\/span><\/td>\n        <td class=\"day-with-date no-events\"><span class=\"weekend\">4<\/span><span class=\"event\"><br \/><\/span><\/td>\n        <td class=\"day-with-date no-events\"><span class=\"weekend\">5<\/span><span class=\"event\"><br \/><\/span><\/td>\n<\/tr>\n<tr>\n        <td class=\"day-with-date no-events\"><span >6<\/span><span class=\"event\"><br \/><\/span><\/td>\n        <td class=\"day-with-date no-events\"><span >7<\/span><span class=\"event\"><br \/><\/span><\/td>\n        <td class=\"day-with-date no-events\"><span >8<\/span><span class=\"event\"><br \/><\/span><\/td>\n        <td class=\"day-with-date no-events\"><span >9<\/span><span class=\"event\"><br \/><\/span><\/td>\n        <td class=\"day-with-date no-events\"><span >10<\/span><span class=\"event\"><br \/><\/span><\/td>\n        <td class=\"day-with-date no-events\"><span class=\"weekend\">11<\/span><span class=\"event\"><br \/><\/span><\/td>\n        <td class=\"day-with-date no-events\"><span class=\"weekend\">12<\/span><span class=\"event\"><br \/><\/span><\/td>\n<\/tr>\n<tr>\n        <td class=\"day-with-date no-events\"><span >13<\/span><span class=\"event\"><br \/><\/span><\/td>\n        <td class=\"day-with-date no-events\"><span >14<\/span><span class=\"event\"><br \/><\/span><\/td>\n        <td class=\"day-with-date no-events\"><span >15<\/span><span class=\"event\"><br \/><\/span><\/td>\n        <td class=\"day-with-date no-events\"><span >16<\/span><span class=\"event\"><br \/><\/span><\/td>\n        <td class=\"day-with-date no-events\"><span >17<\/span><span class=\"event\"><br \/><\/span><\/td>\n        <td class=\"day-with-date no-events\"><span class=\"weekend\">18<\/span><span class=\"event\"><br \/><\/span><\/td>\n        <td class=\"current-day no-events\"><span class=\"weekend\">19<\/span><span class=\"event\"><br \/><\/span><\/td>\n<\/tr>\n<tr>\n        <td class=\"day-with-date no-events\"><span >20<\/span><span class=\"event\"><br \/><\/span><\/td>\n        <td class=\"day-with-date no-events\"><span >21<\/span><span class=\"event\"><br \/><\/span><\/td>\n        <td class=\"day-with-date no-events\"><span >22<\/span><span class=\"event\"><br \/><\/span><\/td>\n        <td class=\"day-with-date no-events\"><span >23<\/span><span class=\"event\"><br \/><\/span><\/td>\n        <td class=\"day-with-date no-events\"><span >24<\/span><span class=\"event\"><br \/><\/span><\/td>\n        <td class=\"day-with-date no-events\"><span class=\"weekend\">25<\/span><span class=\"event\"><br \/><\/span><\/td>\n        <td class=\"day-with-date no-events\"><span class=\"weekend\">26<\/span><span class=\"event\"><br \/><\/span><\/td>\n<\/tr>\n<tr>\n        <td class=\"day-with-date no-events\"><span >27<\/span><span class=\"event\"><br \/><\/span><\/td>\n        <td class=\"day-with-date no-events\"><span >28<\/span><span class=\"event\"><br \/><\/span><\/td>\n        <td class=\"day-with-date no-events\"><span >29<\/span><span class=\"event\"><br \/><\/span><\/td>\n        <td class=\"day-with-date no-events\"><span >30<\/span><span class=\"event\"><br \/><\/span><\/td>\n        <td class=\"day-without-date\">&nbsp;<\/td>\n        <td class=\"day-without-date\">&nbsp;<\/td>\n        <td class=\"day-without-date\">&nbsp;<\/td>\n<\/tr>\n<\/table>\n<table class=\"cat-key\">\n<tr><td colspan=\"2\" class=\"cat-key-cell\"><strong>Cl\u00e9 de cat\u00e9gorie<\/strong><\/td><\/tr>\n<tr><td style=\"background-color:#F6F79B; width:20px; height:20px;\" class=\"cat-key-cell\"><\/td>\n<td class=\"cat-key-cell\">&nbsp;General<\/td><\/tr><tr><td style=\"background-color:#32cd32; width:20px; height:20px;\" class=\"cat-key-cell\"><\/td>\n<td class=\"cat-key-cell\">&nbsp;classe verte<\/td><\/tr><tr><td style=\"background-color:#ff8c00; width:20px; height:20px;\" class=\"cat-key-cell\"><\/td>\n<td class=\"cat-key-cell\">&nbsp;r\u00e9union<\/td><\/tr><tr><td style=\"background-color:#00ffff; width:20px; height:20px;\" class=\"cat-key-cell\"><\/td>\n<td class=\"cat-key-cell\">&nbsp;concours de p\u00eache<\/td><\/tr><tr><td style=\"background-color:#214512; width:20px; height:20px;\" class=\"cat-key-cell\"><\/td>\n<td class=\"cat-key-cell\">&nbsp;travaux<\/td><\/tr><tr><td style=\"background-color:#555111; width:20px; height:20px;\" class=\"cat-key-cell\"><\/td>\n<td class=\"cat-key-cell\">&nbsp;r\u00e9gulation cormorans<\/td><\/tr><tr><td style=\"background-color:; width:20px; height:20px;\" class=\"cat-key-cell\"><\/td>\n<td class=\"cat-key-cell\">&nbsp;<\/td><\/tr><\/table>\n<div class=\"kjo-link\" style=\"visibility:visible !important;display:block !important;\"><p>Calendrier d\u00e9velopp\u00e9 et support\u00e9 par<a href=\"http:\/\/www.kieranoshea.com\">Kieran O'Shea<\/a><\/p><\/div>\n<\/p>\n<p>&nbsp;<\/p>\n","protected":false},"excerpt":{"rendered":"<p>Mois: Janvier F\u00e9vrier Mars Avril Mai Juin Juillet Ao\u00fbt Septembre Octobre Novembre D\u00e9cembre Ann\u00e9e: 1996 1997 1998 1999 2000 2001 2002 2003 2004 2005 2006 2007 2008 2009 2010 2011 2012 2013 2014 2015 2016 2017 2018 2019 2020 2021 &hellip; <a href=\"https:\/\/www.aappma-beaugency.fr\/?page_id=45\">Continuer la lecture <span class=\"meta-nav\">&rarr;<\/span><\/a><\/p>\n","protected":false},"author":1,"featured_media":0,"parent":0,"menu_order":0,"comment_status":"open","ping_status":"closed","template":"","meta":{"ngg_post_thumbnail":0,"footnotes":""},"class_list":["post-45","page","type-page","status-publish","hentry"],"_links":{"self":[{"href":"https:\/\/www.aappma-beaugency.fr\/index.php?rest_route=\/wp\/v2\/pages\/45","targetHints":{"allow":["GET"]}}],"collection":[{"href":"https:\/\/www.aappma-beaugency.fr\/index.php?rest_route=\/wp\/v2\/pages"}],"about":[{"href":"https:\/\/www.aappma-beaugency.fr\/index.php?rest_route=\/wp\/v2\/types\/page"}],"author":[{"embeddable":true,"href":"https:\/\/www.aappma-beaugency.fr\/index.php?rest_route=\/wp\/v2\/users\/1"}],"replies":[{"embeddable":true,"href":"https:\/\/www.aappma-beaugency.fr\/index.php?rest_route=%2Fwp%2Fv2%2Fcomments&post=45"}],"version-history":[{"count":2,"href":"https:\/\/www.aappma-beaugency.fr\/index.php?rest_route=\/wp\/v2\/pages\/45\/revisions"}],"predecessor-version":[{"id":48,"href":"https:\/\/www.aappma-beaugency.fr\/index.php?rest_route=\/wp\/v2\/pages\/45\/revisions\/48"}],"wp:attachment":[{"href":"https:\/\/www.aappma-beaugency.fr\/index.php?rest_route=%2Fwp%2Fv2%2Fmedia&parent=45"}],"curies":[{"name":"wp","href":"https:\/\/api.w.org\/{rel}","templated":true}]}}