{"id":395,"date":"2014-08-09T11:52:22","date_gmt":"2014-08-09T09:52:22","guid":{"rendered":"http:\/\/www.aappma-beaugency.fr\/?page_id=395"},"modified":"2026-01-13T19:46:33","modified_gmt":"2026-01-13T17:46:33","slug":"guide-de-peche-du-loiret","status":"publish","type":"page","link":"https:\/\/www.aappma-beaugency.fr\/?page_id=395","title":{"rendered":"Guide de p\u00eache du LOIRET"},"content":{"rendered":"<p>\u00a0<\/p>\n<ul>\n<li>Parcours de p\u00eache &#8211; F\u00e9d\u00e9ration de p\u00eache du Loiret 2026<a href=\"https:\/\/www.federationpeche45.fr\/6250-les-parcours.htm\"> https:\/\/www.federationpeche45.fr\/6250-les-parcours.htm<\/a><\/li>\n<\/ul>\n<p>\u00a0<\/p>\n<ul>\n<li>R\u00e8glementation 2026 &#8211; Loiret <a href=\"https:\/\/www.federationpeche45.fr\/6251-reglementation.htm\">https:\/\/www.federationpeche45.fr\/6251-reglementation.htm<\/a><\/li>\n<\/ul>\n<p>\u00a0<\/p>\n<ul>\n<li>GEOPECHE\u00a0 \u00a0<a href=\"https:\/\/map.geopeche.com\/?token=ab862effe214635e24e3b78c17ac4ffeb360da858022c8a736b4c92666254123\">https:\/\/map.geopeche.com\/?token=ab862effe214635e24e3b78c17ac4ffeb360da858022c8a736b4c92666254123<\/a><\/li>\n<\/ul>\n\n\n<p><\/p>\n","protected":false},"excerpt":{"rendered":"<p>\u00a0 Parcours de p\u00eache &#8211; F\u00e9d\u00e9ration de p\u00eache du Loiret 2026 https:\/\/www.federationpeche45.fr\/6250-les-parcours.htm \u00a0 R\u00e8glementation 2026 &#8211; Loiret https:\/\/www.federationpeche45.fr\/6251-reglementation.htm \u00a0 GEOPECHE\u00a0 \u00a0https:\/\/map.geopeche.com\/?token=ab862effe214635e24e3b78c17ac4ffeb360da858022c8a736b4c92666254123<\/p>\n","protected":false},"author":1,"featured_media":0,"parent":0,"menu_order":0,"comment_status":"open","ping_status":"open","template":"","meta":{"ngg_post_thumbnail":0,"footnotes":""},"class_list":["post-395","page","type-page","status-publish","hentry"],"_links":{"self":[{"href":"https:\/\/www.aappma-beaugency.fr\/index.php?rest_route=\/wp\/v2\/pages\/395","targetHints":{"allow":["GET"]}}],"collection":[{"href":"https:\/\/www.aappma-beaugency.fr\/index.php?rest_route=\/wp\/v2\/pages"}],"about":[{"href":"https:\/\/www.aappma-beaugency.fr\/index.php?rest_route=\/wp\/v2\/types\/page"}],"author":[{"embeddable":true,"href":"https:\/\/www.aappma-beaugency.fr\/index.php?rest_route=\/wp\/v2\/users\/1"}],"replies":[{"embeddable":true,"href":"https:\/\/www.aappma-beaugency.fr\/index.php?rest_route=%2Fwp%2Fv2%2Fcomments&post=395"}],"version-history":[{"count":13,"href":"https:\/\/www.aappma-beaugency.fr\/index.php?rest_route=\/wp\/v2\/pages\/395\/revisions"}],"predecessor-version":[{"id":5452,"href":"https:\/\/www.aappma-beaugency.fr\/index.php?rest_route=\/wp\/v2\/pages\/395\/revisions\/5452"}],"wp:attachment":[{"href":"https:\/\/www.aappma-beaugency.fr\/index.php?rest_route=%2Fwp%2Fv2%2Fmedia&parent=395"}],"curies":[{"name":"wp","href":"https:\/\/api.w.org\/{rel}","templated":true}]}}